{"id":34,"date":"2018-07-03T09:49:28","date_gmt":"2018-07-03T07:49:28","guid":{"rendered":"http:\/\/www2.turnveteranen.ch\/?page_id=34"},"modified":"2021-12-19T19:53:15","modified_gmt":"2021-12-19T18:53:15","slug":"links","status":"publish","type":"page","link":"https:\/\/www.turnveteranen.ch\/?page_id=34","title":{"rendered":"Links"},"content":{"rendered":"<p style=\"text-align: center;\"><span style=\"color: #3366ff;\"><a style=\"color: #3366ff;\" href=\"http:\/\/www.lasalle-restaurant.ch\/\">Restaurant LaSalle Website-Sponsor<\/a><br \/>\n<\/span><\/p>\n<p style=\"text-align: center;\"><a href=\"http:\/\/www.penszh.ch\/\">Pensioniertenvereinigung Polizei und Sanit\u00e4t der Stadt Z\u00fcrich<\/a><\/p>\n<p style=\"text-align: center;\"><span style=\"color: #3366ff;\"><a style=\"color: #3366ff;\" href=\"http:\/\/www.ztv.ch\/\">Z\u00fcrcher Turnverband<\/a><\/span><br \/>\n<span style=\"color: #3366ff;\"><a style=\"color: #3366ff;\" href=\"http:\/\/www.stv-fsg.ch\/\">Turnverband STV<\/a><\/span><br \/>\n<span style=\"color: #3366ff;\"><a style=\"color: #3366ff;\" href=\"http:\/\/www.etvv.ch\/\">Eidg. Turnveteranen<\/a><\/span><br \/>\n<span style=\"color: #3366ff;\"><a style=\"color: #3366ff;\" href=\"http:\/\/www.stv-einsiedeln.ch\/maenner\/index.html\">TV-Einsiedeln<\/a><\/span><\/p>\n<p>&nbsp;<\/p>\n<p>&nbsp;<\/p>\n<p>&nbsp;<\/p>\n<p style=\"text-align: center;\"><a href=\"https:\/\/www.turnveteranen.ch\/?page_id=9039\">Webmaster-Testseite<\/a><\/p>\n<p>&nbsp;<\/p>\n<p>&nbsp;<\/p>\n","protected":false},"excerpt":{"rendered":"<p>Restaurant LaSalle Website-Sponsor Pensioniertenvereinigung Polizei und Sanit\u00e4t der Stadt Z\u00fcrich Z\u00fcrcher Turnverband Turnverband STV Eidg. Turnveteranen TV-Einsiedeln &nbsp; &nbsp; &nbsp; Webmaster-Testseite &nbsp; &nbsp;<\/p>\n","protected":false},"author":1,"featured_media":0,"parent":0,"menu_order":0,"comment_status":"closed","ping_status":"closed","template":"","meta":{"footnotes":""},"class_list":["post-34","page","type-page","status-publish","hentry"],"_links":{"self":[{"href":"https:\/\/www.turnveteranen.ch\/index.php?rest_route=\/wp\/v2\/pages\/34","targetHints":{"allow":["GET"]}}],"collection":[{"href":"https:\/\/www.turnveteranen.ch\/index.php?rest_route=\/wp\/v2\/pages"}],"about":[{"href":"https:\/\/www.turnveteranen.ch\/index.php?rest_route=\/wp\/v2\/types\/page"}],"author":[{"embeddable":true,"href":"https:\/\/www.turnveteranen.ch\/index.php?rest_route=\/wp\/v2\/users\/1"}],"replies":[{"embeddable":true,"href":"https:\/\/www.turnveteranen.ch\/index.php?rest_route=%2Fwp%2Fv2%2Fcomments&post=34"}],"version-history":[{"count":156,"href":"https:\/\/www.turnveteranen.ch\/index.php?rest_route=\/wp\/v2\/pages\/34\/revisions"}],"predecessor-version":[{"id":9042,"href":"https:\/\/www.turnveteranen.ch\/index.php?rest_route=\/wp\/v2\/pages\/34\/revisions\/9042"}],"wp:attachment":[{"href":"https:\/\/www.turnveteranen.ch\/index.php?rest_route=%2Fwp%2Fv2%2Fmedia&parent=34"}],"curies":[{"name":"wp","href":"https:\/\/api.w.org\/{rel}","templated":true}]}}