{"id":1427,"date":"2018-11-16T19:12:00","date_gmt":"2018-11-16T18:12:00","guid":{"rendered":"http:\/\/www2.turnveteranen.ch\/?page_id=1427"},"modified":"2022-06-28T18:26:20","modified_gmt":"2022-06-28T16:26:20","slug":"impressum-neu","status":"publish","type":"page","link":"https:\/\/www.turnveteranen.ch\/?page_id=1427","title":{"rendered":"Impressum"},"content":{"rendered":"<p>&nbsp;<\/p>\n<p>&nbsp;<\/p>\n<p>Webmaster Oskar Enz<br \/>\nE-Mail:\u00a0 oskarenz2@gmail.com<br \/>\nMobil: 079 356 96 70<\/p>\n<p>Diese Website wurde vom Webmaster mit WordPress erstellt. Webhoster ist die Fa. Legatech in Hombrechtikon. F\u00fcr den Inhalt, insbesondere f\u00fcr Komplikationen und Sch\u00e4den in Verbindung mit Links zu fremden Webseiten wird keine Haftung \u00fcbernommen.<\/p>\n<p>Ottenbach, im Juni 2022<\/p>\n<p>&nbsp;<\/p>\n","protected":false},"excerpt":{"rendered":"<p>&nbsp; &nbsp; Webmaster Oskar Enz E-Mail:\u00a0 oskarenz2@gmail.com Mobil: 079 356 96 70 Diese Website wurde vom Webmaster mit WordPress erstellt. Webhoster ist die Fa. Legatech in Hombrechtikon. F\u00fcr den Inhalt, insbesondere f\u00fcr Komplikationen und Sch\u00e4den in Verbindung mit Links zu<a class=\"more-link\" href=\"https:\/\/www.turnveteranen.ch\/?page_id=1427\" title=\"Impressum\"><span>Read more<\/span><\/a><\/p>\n","protected":false},"author":1,"featured_media":0,"parent":34,"menu_order":0,"comment_status":"closed","ping_status":"closed","template":"","meta":{"footnotes":""},"class_list":["post-1427","page","type-page","status-publish","hentry"],"_links":{"self":[{"href":"https:\/\/www.turnveteranen.ch\/index.php?rest_route=\/wp\/v2\/pages\/1427","targetHints":{"allow":["GET"]}}],"collection":[{"href":"https:\/\/www.turnveteranen.ch\/index.php?rest_route=\/wp\/v2\/pages"}],"about":[{"href":"https:\/\/www.turnveteranen.ch\/index.php?rest_route=\/wp\/v2\/types\/page"}],"author":[{"embeddable":true,"href":"https:\/\/www.turnveteranen.ch\/index.php?rest_route=\/wp\/v2\/users\/1"}],"replies":[{"embeddable":true,"href":"https:\/\/www.turnveteranen.ch\/index.php?rest_route=%2Fwp%2Fv2%2Fcomments&post=1427"}],"version-history":[{"count":22,"href":"https:\/\/www.turnveteranen.ch\/index.php?rest_route=\/wp\/v2\/pages\/1427\/revisions"}],"predecessor-version":[{"id":9878,"href":"https:\/\/www.turnveteranen.ch\/index.php?rest_route=\/wp\/v2\/pages\/1427\/revisions\/9878"}],"up":[{"embeddable":true,"href":"https:\/\/www.turnveteranen.ch\/index.php?rest_route=\/wp\/v2\/pages\/34"}],"wp:attachment":[{"href":"https:\/\/www.turnveteranen.ch\/index.php?rest_route=%2Fwp%2Fv2%2Fmedia&parent=1427"}],"curies":[{"name":"wp","href":"https:\/\/api.w.org\/{rel}","templated":true}]}}